{"id":21975,"date":"2026-02-20T08:35:40","date_gmt":"2026-02-20T08:35:40","guid":{"rendered":"https:\/\/networkia.es\/avis-legal\/"},"modified":"2026-02-23T12:28:36","modified_gmt":"2026-02-23T12:28:36","slug":"avis-legal","status":"publish","type":"page","link":"https:\/\/networkia.es\/ca\/avis-legal\/","title":{"rendered":"Av\u00eds legal"},"content":{"rendered":"\t\t<div data-elementor-type=\"wp-page\" data-elementor-id=\"21975\" class=\"elementor elementor-21975 elementor-20621\" data-elementor-post-type=\"page\">\n\t\t\t\t<div class=\"elementor-element elementor-element-d09c95b e-flex e-con-boxed e-con e-parent\" data-id=\"d09c95b\" data-element_type=\"container\" data-e-type=\"container\" data-settings=\"{&quot;background_background&quot;:&quot;classic&quot;}\">\n\t\t\t\t\t<div class=\"e-con-inner\">\n\t\t<div class=\"elementor-element elementor-element-8d6a630 e-con-full e-flex e-con e-child\" data-id=\"8d6a630\" data-element_type=\"container\" data-e-type=\"container\">\n\t\t\t\t<div class=\"elementor-element elementor-element-cb35802 elementor-widget__width-initial elementor-invisible elementor-widget elementor-widget-heading\" data-id=\"cb35802\" data-element_type=\"widget\" data-e-type=\"widget\" data-settings=\"{&quot;_animation&quot;:&quot;fadeIn&quot;}\" data-widget_type=\"heading.default\">\n\t\t\t\t\t<h1 class=\"elementor-heading-title elementor-size-default\">Av\u00eds legal<\/h1>\t\t\t\t<\/div>\n\t\t\t\t<\/div>\n\t\t\t\t\t<\/div>\n\t\t\t\t<\/div>\n\t\t<div class=\"elementor-element elementor-element-29abebc3 e-flex e-con-boxed e-con e-parent\" data-id=\"29abebc3\" data-element_type=\"container\" data-e-type=\"container\">\n\t\t\t\t\t<div class=\"e-con-inner\">\n\t\t\t\t<div class=\"elementor-element elementor-element-6487cfac legal-text elementor-widget elementor-widget-text-editor\" data-id=\"6487cfac\" data-element_type=\"widget\" data-e-type=\"widget\" data-widget_type=\"text-editor.default\">\n\t\t\t\t\t\t\t\t\t<p>NETWORKIA BUSINESS CENTER, SL, responsable del lloc web, d&#8217;ara endavant RESPONSABLE, posa a disposici\u00f3 dels usuaris aquest document, amb el qual pret\u00e9n donar compliment a les obligacions disposades en la Llei 34\/2002, d&#8217;11 de juliol, de Serveis de la Societat de la Informaci\u00f3 i de Comer\u00e7 Electr\u00f2nic (LSSICE), 6 quines s\u00f3n les condicions d\u00fas.<\/p><p>Tota persona que accedeixi a aquest lloc web assumeix el paper d&#8217;usuari, comprometent-se a l&#8217;observan\u00e7a i el compliment rigor\u00f3s de les disposicions aqu\u00ed indicades, aix\u00ed com a qualsevol altra d&#8217;\u00edndole legal que sigui aplicable.<\/p><p>NETWORKIA es reserva el dret de modificar qualsevol tipus d&#8217;informaci\u00f3 que pogu\u00e9s apar\u00e8ixer al lloc web, sense que hi hagi obligaci\u00f3 de preavisar o posar en coneixement dels usuaris aquestes modificacions, entenent-se com a suficient amb la publicaci\u00f3 al lloc web de NETWORKIA.<\/p><h2>Dades identificatives<\/h2><p>Nom comercial: NETWORKIA WORKSPACES<\/p><p>Denominaci\u00f3 social: NETWORKIA BUSINESS CENTER, SL<\/p><p>NIF: B65717456<\/p><p>Domicili: Av. Portal de l&#8217;\u00c0ngel 36, 08002 Barcelona <\/p><p>Tel\u00e8fon: 900 900 092<\/p><p>E-mail: <a href=\"mailto:networkia@networkia.es\" target=\"_blank\" rel=\"noopener\">networkia@networkia.es<\/a><\/p><p>Inscrita al Registre Mercantil de Barcelona, \u200b\u200bTom 43035, Foli 114, Full B418676.<\/p><h2>Protecci\u00f3 de dades personals<\/h2><p>El RESPONSABLE es troba profundament comprom\u00e8s amb el compliment de les normatives vigents sobre protecci\u00f3 de dades personals i garanteix el compliment \u00edntegre de les obligacions que hi estan disposades, aix\u00ed com la implementaci\u00f3 de les mesures de seguretat exigides.<\/p><p>Per a m\u00e9s informaci\u00f3 sobre el tractament de les dades personals podeu consultar la nostra Pol\u00edtica de Privadesa.<\/p><h2>\u00das de cookies<\/h2><p>Aquest lloc web pot utilitzar cookies i altres tecnologies similars com ara local shared objects, flash cookies o p\u00edxels, que s\u00f3n petits fitxers que algunes plataformes, com les p\u00e0gines web, poden instal\u00b7lar a l&#8217;equip de l&#8217;usuari (ordinador, tablet, smartphone, etc.).<\/p><p>Les seves funcions poden ser molt variades: emmagatzemar prefer\u00e8ncies de navegaci\u00f3, recopilar informaci\u00f3 estad\u00edstica, permetre certes funcionalitats t\u00e8cniques, emmagatzemar informaci\u00f3 sobre els h\u00e0bits de navegaci\u00f3 de lusuari o del seu equip, etc.<\/p><p>L&#8217;usuari t\u00e9 la possibilitat de configurar el vostre navegador per ser alertat de la recepci\u00f3 de cookies i per impedir la seva instal\u00b7laci\u00f3 al vostre equip. Si us plau, consulteu les instruccions del vostre navegador per ampliar aquesta informaci\u00f3. <\/p><p>Per a m\u00e9s informaci\u00f3 sobre les cookies consulteu la nostra Pol\u00edtica de Cookies.<\/p><h2>Drets de propietat intel\u00b7lectual i industrial<\/h2><p>El lloc web, incloent-hi a t\u00edtol enunciatiu, per\u00f2 no limitatiu la seva programaci\u00f3, edici\u00f3, compilaci\u00f3 i altres elements necessaris per al seu funcionament, els dissenys, logotips, text i\/o gr\u00e0fics, s\u00f3n propietat del RESPONSABLE o, si escau, disposa de llic\u00e8ncia o autoritzaci\u00f3 expressa per part dels autors. Tots els continguts del lloc web es troben degudament protegits per la normativa de propietat intel\u00b7lectual i industrial, aix\u00ed com inscrits als registres p\u00fablics corresponents. <\/p><p>Independentment de la finalitat per a la qual fossin destinats, la reproducci\u00f3 total o parcial, \u00fas, explotaci\u00f3, distribuci\u00f3 i comercialitzaci\u00f3 requereix en tot cas lautoritzaci\u00f3 escrita pr\u00e8via per part del RESPONSABLE. Qualsevol \u00fas no autoritzat pr\u00e8viament es considera un incompliment greu dels drets de propietat intel\u00b7lectual o industrial de lautor. <\/p><p>Els dissenys, logotips, text i\/o gr\u00e0fics aliens al RESPONSABLE i que poguessin apar\u00e8ixer al lloc web, pertanyen als seus respectius propietaris, sent ells mateixos responsables de qualsevol possible controv\u00e8rsia que pogu\u00e9s suscitar-se respecte a aquests.<\/p><p>El RESPONSABLE autoritza expressament que tercers puguin redirigir directament els continguts concrets del lloc web, i en tot cas redirigir al lloc web principal <a href=\"http:\/\/networkia.es\" target=\"_blank\" rel=\"noopener\">http:\/\/networkia.es<\/a> .<\/p><p>El RESPONSABLE reconeix a favor dels seus titulars els corresponents drets de propietat intel\u00b7lectual i industrial, i no implica la seva sola menci\u00f3 o aparici\u00f3 al lloc web l&#8217;exist\u00e8ncia de drets o responsabilitat sobre aquests, com tampoc suport, patrocini o recomanaci\u00f3 per part del mateix.<\/p><p>Per fer qualsevol tipus d&#8217;observaci\u00f3 respecte a possibles incompliments dels drets de propietat intel\u00b7lectual o industrial, aix\u00ed com sobre qualsevol dels continguts del lloc web, ho podeu fer a trav\u00e9s del correu electr\u00f2nic <a href=\"mailto:networkia@networkia.es\" target=\"_blank\" rel=\"noopener\">networkia@networkia.es<\/a> .<\/p><h2>Responsabilitat dels continguts<\/h2><p>El RESPONSABLE no es fa responsable de la informaci\u00f3 i continguts emmagatzemats, a t\u00edtol enunciatiu, per\u00f2 no limitatiu, en f\u00f2rums, xats, generadors de blocs, comentaris, xarxes socials o qualsevol altre mitj\u00e0 que permeti a tercers publicar continguts de forma independent a la p\u00e0gina web del RESPONSABLE.<\/p><p>No obstant aix\u00f2, i en compliment del que disposen els articles 11 i 16 de la LSSICE, es posa a disposici\u00f3 de tots els usuaris, autoritats i forces de seguretat, col\u00b7laborant de manera activa en la retirada o, si escau, bloqueig de tots aquells continguts que puguin afectar o contravenir la legislaci\u00f3 nacional o internacional, els drets de tercers o la moral i l&#8217;ordre p\u00fablic.<\/p><p>En cas que l&#8217;usuari consideri que hi ha al lloc web algun contingut que pogu\u00e9s ser susceptible d&#8217;aquesta classificaci\u00f3, es prega que ho notifiqui de manera immediata al RESPONSABLE.<\/p><p>El RESPONSABLE es reserva el dret a realitzar canvis al lloc web sense av\u00eds previ, a fi de mantenir actualitzada la seva informaci\u00f3, afegint, modificant, corregint o eliminant els continguts publicats o el disseny del portal.<\/p><p>El RESPONSABLE no ser\u00e0 responsable de l&#8217;\u00fas que facin tercers de la informaci\u00f3 publicada al portal, ni tampoc dels danys soferts o p\u00e8rdues econ\u00f2miques que, de forma directa o indirecta, produeixin o puguin produir perjudicis econ\u00f2mics, materials o sobre dades, provocats per l&#8217;\u00fas d&#8217;aquesta informaci\u00f3.<\/p><h2>Pol\u00edtica d&#8217;enlla\u00e7os<\/h2><p>Des del lloc web, \u00e9s possible que es redirigeixi a continguts de tercers llocs web. At\u00e8s que el RESPONSABLE no pot controlar sempre els continguts introdu\u00efts per tercers als seus respectius llocs web, no assumeix cap tipus de responsabilitat respecte a aquests continguts. <\/p><p>En tot cas, procedir\u00e0 a la retirada immediata de qualsevol contingut que pogu\u00e9s contravenir la legislaci\u00f3 nacional o internacional, la moral o l&#8217;ordre p\u00fablic, procedint a la retirada immediata de la redirecci\u00f3 a aquest lloc web, posant en coneixement de les autoritats competents el contingut en q\u00fcesti\u00f3.<\/p><h2>Exempci\u00f3 de responsabilitats<\/h2><p>El RESPONSABLE s&#8217;eximeix de qualsevol tipus de responsabilitat derivada de la informaci\u00f3 publicada al vostre lloc web sempre que aquesta informaci\u00f3 hagi estat manipulada o introdu\u00efda per un tercer ali\u00e8 al mateix.<\/p><h2>Adreces IP<\/h2><p>Els servidors del lloc web podran detectar autom\u00e0ticament l&#8217;adre\u00e7a IP i el nom de domini utilitzats per l&#8217;usuari. Una adre\u00e7a IP \u00e9s un n\u00famero assignat autom\u00e0ticament a un ordinador quan aquest es connecta a Internet. <\/p><p>Tota aquesta informaci\u00f3 es registra en un fitxer d&#8217;activitat del servidor que permet el processament posterior de les dades per obtenir mesures \u00fanicament estad\u00edstiques que permetin con\u00e8ixer el nombre d&#8217;impressions de p\u00e0gines, el nombre de visites realitzades als servidors web, l&#8217;ordre de visites, el punt d&#8217;acc\u00e9s, etc.<\/p><h2>Llei aplicable i jurisdicci\u00f3<\/h2><p>La llei aplicable en cas de disputa o conflicte dinterpretaci\u00f3 dels termes que conformen aquest av\u00eds legal, aix\u00ed com qualsevol q\u00fcesti\u00f3 relacionada amb els serveis del present portal, ser\u00e0 la llei espanyola.<\/p><p>Qualsevol controv\u00e8rsia que pogu\u00e9s sorgir entre el RESPONSABLE i els usuaris del Lloc Web ser\u00e0 dirimida pels Jutjats i Tribunals de Barcelona.<\/p><p>Si l&#8217;usuari \u00e9s un consumidor, res de la present cl\u00e0usula no afectar\u00e0 els drets que com a tal li reconeix la Llei General per a la Defensa de Consumidors i Usuaris.<\/p>\t\t\t\t\t\t\t\t<\/div>\n\t\t\t\t\t<\/div>\n\t\t\t\t<\/div>\n\t\t\t\t<\/div>\n\t\t","protected":false},"excerpt":{"rendered":"<p>Av\u00eds legal NETWORKIA BUSINESS CENTER, SL, responsable del lloc web, d&#8217;ara endavant RESPONSABLE, posa a disposici\u00f3 dels usuaris aquest document, amb el qual pret\u00e9n donar compliment a les obligacions disposades en la Llei 34\/2002, d&#8217;11 de juliol, de Serveis de la Societat de la Informaci\u00f3 i de Comer\u00e7 Electr\u00f2nic (LSSICE), 6 quines s\u00f3n les condicions [&hellip;]<\/p>\n","protected":false},"author":3,"featured_media":0,"parent":0,"menu_order":0,"comment_status":"closed","ping_status":"closed","template":"","meta":{"_acf_changed":false,"footnotes":""},"class_list":["post-21975","page","type-page","status-publish","hentry"],"acf":[],"yoast_head":"<!-- This site is optimized with the Yoast SEO plugin v27.0 - https:\/\/yoast.com\/product\/yoast-seo-wordpress\/ -->\n<title>Av\u00eds legal | Networkia<\/title>\n<meta name=\"robots\" content=\"index, follow, max-snippet:-1, max-image-preview:large, max-video-preview:-1\" \/>\n<link rel=\"canonical\" href=\"https:\/\/networkia.es\/ca\/avis-legal\/\" \/>\n<meta property=\"og:locale\" content=\"ca_ES\" \/>\n<meta property=\"og:type\" content=\"article\" \/>\n<meta property=\"og:title\" content=\"Av\u00eds legal | Networkia\" \/>\n<meta property=\"og:description\" content=\"Av\u00eds legal NETWORKIA BUSINESS CENTER, SL, responsable del lloc web, d&#8217;ara endavant RESPONSABLE, posa a disposici\u00f3 dels usuaris aquest document, amb el qual pret\u00e9n donar compliment a les obligacions disposades en la Llei 34\/2002, d&#8217;11 de juliol, de Serveis de la Societat de la Informaci\u00f3 i de Comer\u00e7 Electr\u00f2nic (LSSICE), 6 quines s\u00f3n les condicions [&hellip;]\" \/>\n<meta property=\"og:url\" content=\"https:\/\/networkia.es\/ca\/avis-legal\/\" \/>\n<meta property=\"og:site_name\" content=\"Networkia\" \/>\n<meta property=\"article:modified_time\" content=\"2026-02-23T12:28:36+00:00\" \/>\n<meta property=\"og:image\" content=\"https:\/\/networkia.es\/wp-content\/uploads\/2026\/01\/yoast-frame.png\" \/>\n\t<meta property=\"og:image:width\" content=\"1200\" \/>\n\t<meta property=\"og:image:height\" content=\"675\" \/>\n\t<meta property=\"og:image:type\" content=\"image\/png\" \/>\n<meta name=\"twitter:card\" content=\"summary_large_image\" \/>\n<meta name=\"twitter:label1\" content=\"Temps estimat de lectura\" \/>\n\t<meta name=\"twitter:data1\" content=\"6 minuts\" \/>\n<script type=\"application\/ld+json\" class=\"yoast-schema-graph\">{\"@context\":\"https:\/\/schema.org\",\"@graph\":[{\"@type\":\"WebPage\",\"@id\":\"https:\/\/networkia.es\/ca\/avis-legal\/\",\"url\":\"https:\/\/networkia.es\/ca\/avis-legal\/\",\"name\":\"Av\u00eds legal | Networkia\",\"isPartOf\":{\"@id\":\"https:\/\/networkia.es\/ca\/#website\"},\"datePublished\":\"2026-02-20T08:35:40+00:00\",\"dateModified\":\"2026-02-23T12:28:36+00:00\",\"breadcrumb\":{\"@id\":\"https:\/\/networkia.es\/ca\/avis-legal\/#breadcrumb\"},\"inLanguage\":\"ca\",\"potentialAction\":[{\"@type\":\"ReadAction\",\"target\":[\"https:\/\/networkia.es\/ca\/avis-legal\/\"]}]},{\"@type\":\"BreadcrumbList\",\"@id\":\"https:\/\/networkia.es\/ca\/avis-legal\/#breadcrumb\",\"itemListElement\":[{\"@type\":\"ListItem\",\"position\":1,\"name\":\"Portada\",\"item\":\"https:\/\/networkia.es\/ca\/\"},{\"@type\":\"ListItem\",\"position\":2,\"name\":\"Av\u00eds legal\"}]},{\"@type\":\"WebSite\",\"@id\":\"https:\/\/networkia.es\/ca\/#website\",\"url\":\"https:\/\/networkia.es\/ca\/\",\"name\":\"Networkia\",\"description\":\"Workspaces Flexibles y Equipados\",\"publisher\":{\"@id\":\"https:\/\/networkia.es\/ca\/#organization\"},\"potentialAction\":[{\"@type\":\"SearchAction\",\"target\":{\"@type\":\"EntryPoint\",\"urlTemplate\":\"https:\/\/networkia.es\/ca\/?s={search_term_string}\"},\"query-input\":{\"@type\":\"PropertyValueSpecification\",\"valueRequired\":true,\"valueName\":\"search_term_string\"}}],\"inLanguage\":\"ca\"},{\"@type\":\"Organization\",\"@id\":\"https:\/\/networkia.es\/ca\/#organization\",\"name\":\"Networkia\",\"url\":\"https:\/\/networkia.es\/ca\/\",\"logo\":{\"@type\":\"ImageObject\",\"inLanguage\":\"ca\",\"@id\":\"https:\/\/networkia.es\/ca\/#\/schema\/logo\/image\/\",\"url\":\"https:\/\/networkia.es\/wp-content\/uploads\/2026\/01\/Favicon-Networkia.png\",\"contentUrl\":\"https:\/\/networkia.es\/wp-content\/uploads\/2026\/01\/Favicon-Networkia.png\",\"width\":512,\"height\":512,\"caption\":\"Networkia\"},\"image\":{\"@id\":\"https:\/\/networkia.es\/ca\/#\/schema\/logo\/image\/\"}}]}<\/script>\n<!-- \/ Yoast SEO plugin. -->","yoast_head_json":{"title":"Av\u00eds legal | Networkia","robots":{"index":"index","follow":"follow","max-snippet":"max-snippet:-1","max-image-preview":"max-image-preview:large","max-video-preview":"max-video-preview:-1"},"canonical":"https:\/\/networkia.es\/ca\/avis-legal\/","og_locale":"ca_ES","og_type":"article","og_title":"Av\u00eds legal | Networkia","og_description":"Av\u00eds legal NETWORKIA BUSINESS CENTER, SL, responsable del lloc web, d&#8217;ara endavant RESPONSABLE, posa a disposici\u00f3 dels usuaris aquest document, amb el qual pret\u00e9n donar compliment a les obligacions disposades en la Llei 34\/2002, d&#8217;11 de juliol, de Serveis de la Societat de la Informaci\u00f3 i de Comer\u00e7 Electr\u00f2nic (LSSICE), 6 quines s\u00f3n les condicions [&hellip;]","og_url":"https:\/\/networkia.es\/ca\/avis-legal\/","og_site_name":"Networkia","article_modified_time":"2026-02-23T12:28:36+00:00","og_image":[{"width":1200,"height":675,"url":"https:\/\/networkia.es\/wp-content\/uploads\/2026\/01\/yoast-frame.png","type":"image\/png"}],"twitter_card":"summary_large_image","twitter_misc":{"Temps estimat de lectura":"6 minuts"},"schema":{"@context":"https:\/\/schema.org","@graph":[{"@type":"WebPage","@id":"https:\/\/networkia.es\/ca\/avis-legal\/","url":"https:\/\/networkia.es\/ca\/avis-legal\/","name":"Av\u00eds legal | Networkia","isPartOf":{"@id":"https:\/\/networkia.es\/ca\/#website"},"datePublished":"2026-02-20T08:35:40+00:00","dateModified":"2026-02-23T12:28:36+00:00","breadcrumb":{"@id":"https:\/\/networkia.es\/ca\/avis-legal\/#breadcrumb"},"inLanguage":"ca","potentialAction":[{"@type":"ReadAction","target":["https:\/\/networkia.es\/ca\/avis-legal\/"]}]},{"@type":"BreadcrumbList","@id":"https:\/\/networkia.es\/ca\/avis-legal\/#breadcrumb","itemListElement":[{"@type":"ListItem","position":1,"name":"Portada","item":"https:\/\/networkia.es\/ca\/"},{"@type":"ListItem","position":2,"name":"Av\u00eds legal"}]},{"@type":"WebSite","@id":"https:\/\/networkia.es\/ca\/#website","url":"https:\/\/networkia.es\/ca\/","name":"Networkia","description":"Workspaces Flexibles y Equipados","publisher":{"@id":"https:\/\/networkia.es\/ca\/#organization"},"potentialAction":[{"@type":"SearchAction","target":{"@type":"EntryPoint","urlTemplate":"https:\/\/networkia.es\/ca\/?s={search_term_string}"},"query-input":{"@type":"PropertyValueSpecification","valueRequired":true,"valueName":"search_term_string"}}],"inLanguage":"ca"},{"@type":"Organization","@id":"https:\/\/networkia.es\/ca\/#organization","name":"Networkia","url":"https:\/\/networkia.es\/ca\/","logo":{"@type":"ImageObject","inLanguage":"ca","@id":"https:\/\/networkia.es\/ca\/#\/schema\/logo\/image\/","url":"https:\/\/networkia.es\/wp-content\/uploads\/2026\/01\/Favicon-Networkia.png","contentUrl":"https:\/\/networkia.es\/wp-content\/uploads\/2026\/01\/Favicon-Networkia.png","width":512,"height":512,"caption":"Networkia"},"image":{"@id":"https:\/\/networkia.es\/ca\/#\/schema\/logo\/image\/"}}]}},"_links":{"self":[{"href":"https:\/\/networkia.es\/ca\/wp-json\/wp\/v2\/pages\/21975","targetHints":{"allow":["GET"]}}],"collection":[{"href":"https:\/\/networkia.es\/ca\/wp-json\/wp\/v2\/pages"}],"about":[{"href":"https:\/\/networkia.es\/ca\/wp-json\/wp\/v2\/types\/page"}],"author":[{"embeddable":true,"href":"https:\/\/networkia.es\/ca\/wp-json\/wp\/v2\/users\/3"}],"replies":[{"embeddable":true,"href":"https:\/\/networkia.es\/ca\/wp-json\/wp\/v2\/comments?post=21975"}],"version-history":[{"count":1,"href":"https:\/\/networkia.es\/ca\/wp-json\/wp\/v2\/pages\/21975\/revisions"}],"predecessor-version":[{"id":21976,"href":"https:\/\/networkia.es\/ca\/wp-json\/wp\/v2\/pages\/21975\/revisions\/21976"}],"wp:attachment":[{"href":"https:\/\/networkia.es\/ca\/wp-json\/wp\/v2\/media?parent=21975"}],"curies":[{"name":"wp","href":"https:\/\/api.w.org\/{rel}","templated":true}]}}